{"id":668,"date":"2021-05-18T00:39:47","date_gmt":"2021-05-18T00:39:47","guid":{"rendered":"https:\/\/mandala.is\/endurnaerandi-andlegt-rymi\/"},"modified":"2022-05-11T12:15:11","modified_gmt":"2022-05-11T12:15:11","slug":"endurnaerandi-andlegt-rymi","status":"publish","type":"page","link":"https:\/\/mandala.is\/en\/","title":{"rendered":"Rejuvenating &#038; Spiritual Space"},"content":{"rendered":"<div id=\"hero-block_613fbd44b280e\" class=\"hero-section bg-black \">\n\t\n\t\t<div class=\"lds-ring\"><div><\/div><div><\/div><div><\/div><div><\/div><\/div>\n\t\t<style>\n\t\t.lds-ring {\n\t\t\tdisplay: inline-block;\n\t\t\tposition: relative;\n\t\t\twidth: 40px;\n\t\t\theight: 40px;\n\t\t\tposition: absolute;\n\t\t\ttop: 50%;\n\t\t\tleft: 50%;\n\t\t\ttransform: translate3D(-50%, -50%, 0);\n\t\t}\n\t\t.lds-ring div {\n\t\t\tbox-sizing: border-box;\n\t\t\tdisplay: block;\n\t\t\tposition: absolute;\n\t\t\twidth: 32px;\n\t\t\theight: 32px;\n\t\t\tmargin: 8px;\n\t\t\tborder: 2px solid var(--base-font-color);\n\t\t\tborder-radius: 50%;\n\t\t\tanimation: lds-ring 1.2s cubic-bezier(0.5, 0, 0.5, 1) infinite;\n\t\t\tborder-color: var(--base-font-color) transparent transparent transparent;\n\t\t}\n\t\t.lds-ring div:nth-child(1) {\n\t\t\tanimation-delay: -0.45s;\n\t\t}\n\t\t.lds-ring div:nth-child(2) {\n\t\t\tanimation-delay: -0.3s;\n\t\t}\n\t\t.lds-ring div:nth-child(3) {\n\t\t\tanimation-delay: -0.15s;\n\t\t}\n\t\t@keyframes lds-ring {\n\t\t\t0% {\n\t\t\t\ttransform: rotate(0deg);\n\t\t\t}\n\t\t\t100% {\n\t\t\t\ttransform: rotate(360deg);\n\t\t\t}\n\t\t}\n\n\t\t<\/style>\n\t<div class=\"hero-text wrapper\">\n\t\t<div class=\"hero-text-inner\">\n\t\t\t\t<h2 class=\"font-serif font-normal text-3xl lg:text-4xl xl:text-5xl leading-normal lg:leading-normal xl:leading-normal mb-6 max-w-prose\"><\/h2>\n\t\t\t\t\t<p class=\"mb-8 max-w-sm\">\u201cEntering Mandala is like stepping into another world, where peace and tranquillity envelop you from the very first moment.\u201d<\/p>\n\t\t\t\t\t<div class=\"cta-container mb-8\">\n\t\t\t\t\t\t<a href=\"\" class=\"button large\">\n\t\t\t\t\t\t\tSee More\t\t\t\t\t\t<\/a>\n\t\t\t\t\t<\/div>\n\t\t\t<\/div>\n\t\t<\/div>\n\n\n\t\t<div class=\"centered-caption\">\n\t\t\t<p>\u201cEntering Mandala is like stepping into another world, where peace and tranquillity envelop you from the very first moment.\u201d<\/p>\n\t\t\t<button id=\"scroll-button\"><span>Scroll down<\/span><\/button>\n\t\t<\/div>\n\n\n\t<div class=\"hero-image\">\n\t\t<div class=\"image-container\">\n\t\t\t\n\t\t\t\n\t\t\t\n\t\t\t\t<video autoplay muted loop playsinline class=\"object-cover object-center\">\n\t\t\t\t\t<source src=\"https:\/\/mandala.is\/wp-content\/uploads\/2022\/02\/mandla-front-page-test.mp4\" type=\"video\/mp4\">\n\t\t\t\t<\/video>\n\n\t\t\t\n\t\t<\/div>\n\t<\/div>\n\t\n\t\n<\/div>\n<script>\n\n\t\t\/\/ var destination = document.querySelector('#hero-block_613fbd44b280e').scrollHeight;\n\t\t\/\/ console.log(destination);\n\n\t\tlet anchorSelector = '#scroll-button';\n\t\tjQuery(anchorSelector).on('click', function (e) {\n\t\t\te.preventDefault();\n\t\t\t\/\/ let destination = jQuery('#hero-block_613fbd44b280e');\n\t\t\t\/\/ console.log(destination);\n\t\t\t\/\/ let scrollPosition = destination.scrollHeight;\n\t\t\tlet scrollPosition = document.querySelector('#hero-block_613fbd44b280e').scrollHeight;\n\t\t\t\/\/ console.log(scrollPosition);\n\t\t\tlet animationDuration = 750;\n\t\t\tjQuery('html, body').animate({\n\t\t\tscrollTop: scrollPosition,\n\t\t\teasing: 'linear'\n\t\t\t}, animationDuration);\n\t\t});\n\n<\/script>\n<style type=\"text\/css\">\n\t#hero-block_613fbd44b280e\t{\n\t\t\/* background: ; *\/\n\t\t\/* color: ; *\/\n\t}\n<\/style>\n\n\n\n<div class=\"wp-block-cover\"><span aria-hidden=\"true\" class=\"has-moss-green-background-color has-background-dim-100 wp-block-cover__gradient-background has-background-dim\"><\/span><div class=\"wp-block-cover__inner-container is-layout-flow wp-block-cover-is-layout-flow\">\n<div class=\"wp-block-columns is-layout-flex wp-container-core-columns-is-layout-9d6595d7 wp-block-columns-is-layout-flex\">\n<div class=\"wp-block-column is-layout-flow wp-block-column-is-layout-flow\">\n<h2 class=\"section-title wp-block-heading\" id=\"about\">About Mandala<\/h2>\n<\/div>\n<\/div>\n\n\n\n<div class=\"wp-block-columns is-layout-flex wp-container-core-columns-is-layout-9d6595d7 wp-block-columns-is-layout-flex\">\n<div class=\"wp-block-column is-layout-flow wp-block-column-is-layout-flow\">\n<h3 class=\"has-large-font-size wp-block-heading\" id=\"erla-gunnarsdottir-founder-of-mandala\">Our Story<br><\/h3>\n\n\n\n<p class=\"has-medium-font-size\">Initially, Mandala\u2019s premises were to serve as the new headquarters for Erla\u2019s company, but the Fates took the reins and, due to local planning, the idea never materialised. During the pandemic, Erla was given the time and space she needed to reflect on what role the house should play. She immersed herself in learning how to play the singing bowls and diligently practised playing the gong and other instruments. This gave birth to the idea that the house would be called Mandala and the core of its activities would be personal development.<\/p>\n\n\n\n<p class=\"read-more\"><a href=\"https:\/\/mandala.is\/en\/our-story\/\" data-type=\"page\">Read more<\/a><\/p>\n<\/div>\n\n\n\n<div class=\"wp-block-column is-layout-flow wp-block-column-is-layout-flow\">\n<div class=\"wp-block-image\"><figure class=\"aligncenter size-medium is-resized\"><img loading=\"lazy\" decoding=\"async\" src=\"https:\/\/mandala.is\/wp-content\/uploads\/2022\/02\/erla-framed-463x720.png\" alt=\"\" class=\"wp-image-544\" width=\"347\" height=\"540\" srcset=\"https:\/\/mandala.is\/wp-content\/uploads\/2022\/02\/erla-framed-463x720.png 463w, https:\/\/mandala.is\/wp-content\/uploads\/2022\/02\/erla-framed-300x467.png 300w, https:\/\/mandala.is\/wp-content\/uploads\/2022\/02\/erla-framed-926x1440.png 926w, https:\/\/mandala.is\/wp-content\/uploads\/2022\/02\/erla-framed-768x1195.png 768w, https:\/\/mandala.is\/wp-content\/uploads\/2022\/02\/erla-framed-987x1536.png 987w, https:\/\/mandala.is\/wp-content\/uploads\/2022\/02\/erla-framed-1317x2048.png 1317w, https:\/\/mandala.is\/wp-content\/uploads\/2022\/02\/erla-framed.png 1800w\" sizes=\"auto, (max-width: 347px) 100vw, 347px\" \/><\/figure><\/div>\n<\/div>\n<\/div>\n<\/div><\/div>\n\n\n\n<div class=\"three-columns min-w-screen flex flex-col justify-center\">\n\t<div class=\"inner p-8 sm:py-20 flex flex-col justify-items-stretch h-full wrapper\">\n\t\t\n\t\t<div class=\"flex-none section-title-container\">\n\t\t\t<h2 class=\"section-title\">Healing<\/h2>\n\t\t<\/div>\n\n\t\t<div class=\"flex-auto\"> \n\t\t\t<div class=\"md:grid md:grid-cols-16 md:gap-4\">\n\n\t\t\t\t<div class=\"md:col-span-12 md:col-start-3\">\n\t\t\t\t\t\n\t\t\t\t\t<h3 class=\"font-serif has-large-font-size leading-tight mb-12 md:leading-tight md:mt-2 md:mb-24\">\n\t\t\t\t\t\tSound Healing\t\t\t\t\t<\/h3>\n\n\t\t\t\t\t<div class=\"md:grid md:grid-cols-2 md:gap-12\">\n\n\t\t\t\t\t\t<div class=\"mb-10\">\n\t\t\t\t\t\t\t<!-- <img decoding=\"async\" class=\"mb-10\" src=\"\"\/> -->\n\t\t\t\t\t\t\t<h4 class=\"text-xl font-medium mb-16\">\n\t\t\t\t\t\t\t\tAlchemy Bowls\t\t\t\t\t\t\t<\/h4>\n\t\t\t\t\t\t\t<p class=\"text-lg\">\n\t\t\t\t\t\t\t\tSinging bowls are instruments that are used in energy healing and as meditation tools. The vibrations and gentle sounds are basic tones like the strings of a piano. \t\t\t\t\t\t\t<\/p>\n\t\t\t\t\t\t<\/div>\n\n\t\t\t\t\t\t<div class=\"mb-10\">\n\t\t\t\t\t\t\t<!-- <img decoding=\"async\" class=\"mb-10\" src=\"\"\/> -->\n\t\t\t\t\t\t\t<h4 class=\"text-xl font-medium mb-16\">\n\t\t\t\t\t\t\t\tGong\t\t\t\t\t\t\t<\/h4>\n\t\t\t\t\t\t\t<p class=\"text-lg\">\n\t\t\t\t\t\t\t\tMandala has two magnificent gong instruments, which produce unique sounds. They are handmade and have a very wide range of tones that go from being deep and mysterious to high and adventurous.\t\t\t\t\t\t\t<\/p>\n\t\t\t\t\t\t<\/div>\n\n\t\t\t\t\t<\/div>\n\n\t\t\t\t\t<div class=\"call-to-action mb-20\">\n\t\t\t\t\t\t\t\t\t\t\t\t\t<p class=\"cta-text\"><a class=\"text-cta font-sans font-medium underline\" href=\"https:\/\/mandala.is\/en\/sound-healing\/\">Read more<\/a><\/p> \n\t\t\t\t\t\t\t\t\t\t\t<\/div>\n\n\t\t\t\t\t<div class=\"flex-none my-8\">\n\t\t\t\t\t\t\t\t\t\t\t<\/div>\n\n\t\t\t\t<\/div>\n\n\t\t\t<\/div>\n\t\t<\/div>\n\n\n\t<\/div>\n<\/div>\n<!-- End Sound Healing -->\n\n<style>\n\t.three-columns .inner {\n\t\tposition: relative;\n\t\tz-index: 1;\n\t}\n\t.three-columns {\n\t\tposition: relative;\n\t\tbackground-image: url('https:\/\/mandala.is\/wp-content\/themes\/mandala\/dist\/images\/bg1.jpg');\n\t\tbackground-size: cover;\n\t\tbackground-repeat: no-repeat;\n\t}\n\t.three-columns:after {\n\t\tcontent: '';\n\t\tposition: absolute;\n\t\ttop: 0;\n\t\tleft: 0;\n\t\tright: 0;\n\t\tbottom: 0;\n\t\twidth: 100%; \n\t\theight: 100%;\n\t\tbackground-color: black;\n\t\topacity: 0.2;\n\t\tz-index: 0;\n\t}\n<\/style>\n\n\n<div class=\"wp-block-cover\"><span aria-hidden=\"true\" class=\"has-gray-background-color has-background-dim-100 wp-block-cover__gradient-background has-background-dim\"><\/span><div class=\"wp-block-cover__inner-container is-layout-flow wp-block-cover-is-layout-flow\">\n<div class=\"wp-block-columns is-layout-flex wp-container-core-columns-is-layout-9d6595d7 wp-block-columns-is-layout-flex\">\n<div class=\"wp-block-column is-layout-flow wp-block-column-is-layout-flow\">\n<h2 class=\"section-title wp-block-heading\" id=\"the-space\">The Space<\/h2>\n\n\n\n<h3 class=\"has-large-font-size wp-block-heading\" id=\"a-space-for-rent\">Space for Rent<\/h3>\n<\/div>\n<\/div>\n\n\n\n<div class=\"wp-block-columns is-layout-flex wp-container-core-columns-is-layout-9d6595d7 wp-block-columns-is-layout-flex\">\n<div class=\"wp-block-column is-layout-flow wp-block-column-is-layout-flow\" style=\"flex-basis:100%\">\n<div class=\"wp-block-columns is-layout-flex wp-container-core-columns-is-layout-9d6595d7 wp-block-columns-is-layout-flex\">\n<div class=\"wp-block-column is-layout-flow wp-block-column-is-layout-flow\" style=\"flex-basis:66.66%\">\n<p class=\"has-medium-font-size\">Mandala has recently started to accept bookings for all kinds of healing events, meetings and courses. The space is particularly well suited to yoga, for example, as well as mantra evenings, breathing classes, strategy planning meetings, team building activities, as well as various meetings, courses and events.<\/p>\n<\/div>\n\n\n\n<div class=\"wp-block-column is-layout-flow wp-block-column-is-layout-flow\" style=\"flex-basis:33.33%\">\n<p class=\"has-medium-font-size\">Read more<\/p>\n\n\n\n<ul class=\"has-heading-3-font-size wp-block-list\"><li><a href=\"https:\/\/mandala.is\/wp-content\/uploads\/2022\/05\/MAN_Floorprint-en.pdf\" target=\"_blank\" rel=\"noreferrer noopener\" data-type=\"URL\">Floorplan<\/a><\/li><li><a href=\"https:\/\/mandala.is\/en\/the-space\/#andlegt-setur\" data-type=\"page\">Spiritual Centre<\/a><\/li><li><a href=\"https:\/\/mandala.is\/en\/the-space\/#fyrirtaekjahopar\" data-type=\"page\">Corporate Grouops<\/a><\/li><\/ul>\n<\/div>\n<\/div>\n\n\n\n<p class=\"read-more\"><a href=\"https:\/\/mandala.is\/en\/stykkisholmur\/\" data-type=\"page\">Read more<\/a><\/p>\n<\/div>\n<\/div>\n<\/div><\/div>\n\n\n\n<div class=\"wp-block-cover\"><span aria-hidden=\"true\" class=\"wp-block-cover__gradient-background has-background-dim\"><\/span><img loading=\"lazy\" decoding=\"async\" width=\"2493\" height=\"1660\" class=\"wp-block-cover__image-background wp-image-545\" alt=\"\" src=\"https:\/\/mandala.is\/wp-content\/uploads\/2022\/02\/bg2.jpg\" data-object-fit=\"cover\" srcset=\"https:\/\/mandala.is\/wp-content\/uploads\/2022\/02\/bg2.jpg 2493w, https:\/\/mandala.is\/wp-content\/uploads\/2022\/02\/bg2-300x200.jpg 300w, https:\/\/mandala.is\/wp-content\/uploads\/2022\/02\/bg2-1081x720.jpg 1081w, https:\/\/mandala.is\/wp-content\/uploads\/2022\/02\/bg2-768x511.jpg 768w, https:\/\/mandala.is\/wp-content\/uploads\/2022\/02\/bg2-1536x1023.jpg 1536w, https:\/\/mandala.is\/wp-content\/uploads\/2022\/02\/bg2-2048x1364.jpg 2048w\" sizes=\"auto, (max-width: 2493px) 100vw, 2493px\" \/><div class=\"wp-block-cover__inner-container is-layout-flow wp-block-cover-is-layout-flow\">\n<h2 class=\"has-text-align-center section-title wp-block-heading\" id=\"kind-words\">Kind words<\/h2>\n\n\n\n<div class=\"wp-block-group\"><div class=\"wp-block-group__inner-container is-layout-flow wp-block-group-is-layout-flow\">\n<blockquote class=\"wp-block-quote has-text-align-center is-layout-flow wp-block-quote-is-layout-flow\"><p>\u201cMandala is my spiritual journey. The soul travels beyond time and space into a warm and enveloping universal energy. The chakras nourish each other and, when the soul is ready, it travels back and continues into life. Thank you Mandala for those unique moments. <br>Namaste.\u201d<\/p><cite>Arna Eir<\/cite><\/blockquote>\n\n\n\n<p class=\"has-text-align-center read-more\"><a href=\"https:\/\/mandala.is\/en\/our-story\/#hly-ord\" data-type=\"page\">Read more<\/a><\/p>\n<\/div><\/div>\n\n\n\n<div style=\"height:80px\" aria-hidden=\"true\" class=\"wp-block-spacer\"><\/div>\n<\/div><\/div>\n\n\n<div id=\"mandala-block_620bb718d73e8\" class=\"mandala-divider \" role=\"separator\">\n\t<\/div>\n\n<style>\n#mandala-block_620bb718d73e8 {\n\tcolor: inherit;\n}\t\n#mandala-block_620bb718d73e8 svg {\n\tmin-width: 100%;\n}\n.mandala-divider.small {\n\tposition: relative;\n\tz-index: 100;\n\theight: 0;\n}\n.mandala-divider.small svg {\n\ttransform: translateY(-50%);\n}\n\n.mandala-divider {\n\tmargin: 3em 0;\n}\n\n.mandala-divider.small {\n\tmargin: 0;\n}\n\n.entry-content .mandala-divider.small {\n\tmargin: 3em 0;\n}\n\n<\/style>\n\n\n<div class=\"wp-block-cover\"><span aria-hidden=\"true\" class=\"has-dark-green-background-color has-background-dim-100 wp-block-cover__gradient-background has-background-dim\"><\/span><div class=\"wp-block-cover__inner-container is-layout-flow wp-block-cover-is-layout-flow\">\n<div class=\"wp-block-columns is-layout-flex wp-container-core-columns-is-layout-9d6595d7 wp-block-columns-is-layout-flex\">\n<div class=\"wp-block-column is-layout-flow wp-block-column-is-layout-flow\">\n<h2 class=\"section-title wp-block-heading\" id=\"the-space\">STYKKISH\u00d3LMUR<\/h2>\n<\/div>\n<\/div>\n\n\n\n<div class=\"wp-block-columns is-layout-flex wp-container-core-columns-is-layout-9d6595d7 wp-block-columns-is-layout-flex\">\n<div class=\"wp-block-column is-layout-flow wp-block-column-is-layout-flow\" style=\"flex-basis:40%\">\n<h3 class=\"has-large-font-size wp-block-heading\" id=\"the-spirit-of-stykkisholmur\">A Special town\r\nin Brei\u00f0afj\u00f6r\u00f0ur<\/h3>\n\n\n\n<p class=\"has-medium-font-size\">Mandala is located in the heart of Stykkish\u00f3lmur. The building is located in the centre of town, right by the harbour and within a short walking distance there is a great selection of restaurants, as well as varied accommodation.\r\n\r\nThe Stykkish\u00f3lmur fishing village nestles in Brei\u00f0afj\u00f6r\u00f0ur, which is known for its magnificent natural beauty and abundant wildlife. Everyone can find something to their liking, whether it is food and drink, the town\u2019s museums or simply enjoying the tranquillity of the Brei\u00f0fj\u00f6r\u00f0ur sea air.\r\n\r\nWe encourage those interested to visit Stykkish\u00f3lmur\u2019s website:\r\n\r\n<a href=\"https:\/\/www.visitstykkisholmur.is\/en\/home\" target=\"_blank\" rel=\"noreferrer noopener\">Welcome to Stykkish\u00f3lmur \u2014 Visit Stykkish\u00f3lmur<\/a><\/p>\n<\/div>\n\n\n\n<div class=\"wp-block-column is-layout-flow wp-block-column-is-layout-flow\" style=\"flex-basis:60%\">\n<figure class=\"wp-block-image size-large\"><img loading=\"lazy\" decoding=\"async\" width=\"2160\" height=\"1440\" src=\"https:\/\/mandala.is\/wp-content\/uploads\/2022\/04\/Summi-91-1-2160x1440.jpg\" alt=\"\" class=\"wp-image-1011\" srcset=\"https:\/\/mandala.is\/wp-content\/uploads\/2022\/04\/Summi-91-1-2160x1440.jpg 2160w, https:\/\/mandala.is\/wp-content\/uploads\/2022\/04\/Summi-91-1-1080x720.jpg 1080w, https:\/\/mandala.is\/wp-content\/uploads\/2022\/04\/Summi-91-1-768x512.jpg 768w, https:\/\/mandala.is\/wp-content\/uploads\/2022\/04\/Summi-91-1-1536x1024.jpg 1536w, https:\/\/mandala.is\/wp-content\/uploads\/2022\/04\/Summi-91-1-2048x1365.jpg 2048w, https:\/\/mandala.is\/wp-content\/uploads\/2022\/04\/Summi-91-1-300x200.jpg 300w\" sizes=\"auto, (max-width: 2160px) 100vw, 2160px\" \/><\/figure>\n<\/div>\n<\/div>\n\n\n\n<div class=\"wp-block-columns is-layout-flex wp-container-core-columns-is-layout-9d6595d7 wp-block-columns-is-layout-flex\">\n<div class=\"wp-block-column is-layout-flow wp-block-column-is-layout-flow\">\n<p class=\"read-more\"><a href=\"https:\/\/mandala.is\/en\/stykkisholmur\/\" data-type=\"page\">Read more<\/a><\/p>\n<\/div>\n<\/div>\n<\/div><\/div>\n\n\n<div id=\"mandala-gallery-block_6214da77b5eab\" class=\"gallery-section \">\n\t<div class=\"gallery-inner\">\n\n\t\t<div class=\"gallery-header\">\n\t\t\t<h2 class=\"section-title\">Photo Gallery<\/h2>\n\t\t\t<h3 class=\"has-large-font-size\"><\/h3>\n\t\t<\/div>\n\n\t\t<div class=\"gallery-container\">\n\n\t\t\t\t\t\t\t<div class=\"swiper\">\n\t\t\t\t\t<div class=\"swiper-wrapper\">\n\t\t\t\t\t\t\t\t\t\t\t\t\t<div class=\"swiper-slide\">\n\t\t\t\t\t\t\t\t<a href=\"https:\/\/mandala.is\/wp-content\/uploads\/2021\/12\/Mandala10300-min.jpg\">\n\t\t\t\t\t\t\t\t\t<img decoding=\"async\" src=\"https:\/\/mandala.is\/wp-content\/uploads\/2021\/12\/Mandala10300-min-1079x720.jpg\" alt=\"\" \/>\n\t\t\t\t\t\t\t\t<\/a>\n\t\t\t\t\t\t\t<\/div>\n\t\t\t\t\t\t\t\t\t\t\t\t\t<div class=\"swiper-slide\">\n\t\t\t\t\t\t\t\t<a href=\"https:\/\/mandala.is\/wp-content\/uploads\/2021\/12\/Mandala10104-min.jpg\">\n\t\t\t\t\t\t\t\t\t<img decoding=\"async\" src=\"https:\/\/mandala.is\/wp-content\/uploads\/2021\/12\/Mandala10104-min-1119x720.jpg\" alt=\"\" \/>\n\t\t\t\t\t\t\t\t<\/a>\n\t\t\t\t\t\t\t<\/div>\n\t\t\t\t\t\t\t\t\t\t\t\t\t<div class=\"swiper-slide\">\n\t\t\t\t\t\t\t\t<a href=\"https:\/\/mandala.is\/wp-content\/uploads\/2021\/12\/Mandala_V4A2915-min-1.jpg\">\n\t\t\t\t\t\t\t\t\t<img decoding=\"async\" src=\"https:\/\/mandala.is\/wp-content\/uploads\/2021\/12\/Mandala_V4A2915-min-1-1079x720.jpg\" alt=\"\" \/>\n\t\t\t\t\t\t\t\t<\/a>\n\t\t\t\t\t\t\t<\/div>\n\t\t\t\t\t\t\t\t\t\t\t\t\t<div class=\"swiper-slide\">\n\t\t\t\t\t\t\t\t<a href=\"https:\/\/mandala.is\/wp-content\/uploads\/2021\/12\/Mandala10366-min.jpg\">\n\t\t\t\t\t\t\t\t\t<img decoding=\"async\" src=\"https:\/\/mandala.is\/wp-content\/uploads\/2021\/12\/Mandala10366-min-1085x720.jpg\" alt=\"\" \/>\n\t\t\t\t\t\t\t\t<\/a>\n\t\t\t\t\t\t\t<\/div>\n\t\t\t\t\t\t\t\t\t\t\t\t\t<div class=\"swiper-slide\">\n\t\t\t\t\t\t\t\t<a href=\"https:\/\/mandala.is\/wp-content\/uploads\/2021\/12\/Mandala9691-min.jpg\">\n\t\t\t\t\t\t\t\t\t<img decoding=\"async\" src=\"https:\/\/mandala.is\/wp-content\/uploads\/2021\/12\/Mandala9691-min-1079x720.jpg\" alt=\"\" \/>\n\t\t\t\t\t\t\t\t<\/a>\n\t\t\t\t\t\t\t<\/div>\n\t\t\t\t\t\t\t\t\t\t\t\t\t<div class=\"swiper-slide\">\n\t\t\t\t\t\t\t\t<a href=\"https:\/\/mandala.is\/wp-content\/uploads\/2021\/12\/Mandala9659-min.jpg\">\n\t\t\t\t\t\t\t\t\t<img decoding=\"async\" src=\"https:\/\/mandala.is\/wp-content\/uploads\/2021\/12\/Mandala9659-min-1079x720.jpg\" alt=\"\" \/>\n\t\t\t\t\t\t\t\t<\/a>\n\t\t\t\t\t\t\t<\/div>\n\t\t\t\t\t\t\t\t\t\t\t\t\t<div class=\"swiper-slide\">\n\t\t\t\t\t\t\t\t<a href=\"https:\/\/mandala.is\/wp-content\/uploads\/2021\/12\/Mandala10312-min.jpg\">\n\t\t\t\t\t\t\t\t\t<img decoding=\"async\" src=\"https:\/\/mandala.is\/wp-content\/uploads\/2021\/12\/Mandala10312-min-1079x720.jpg\" alt=\"\" \/>\n\t\t\t\t\t\t\t\t<\/a>\n\t\t\t\t\t\t\t<\/div>\n\t\t\t\t\t\t\t\t\t\t\t\t\t<div class=\"swiper-slide\">\n\t\t\t\t\t\t\t\t<a href=\"https:\/\/mandala.is\/wp-content\/uploads\/2022\/05\/Mandala_V4A2657.jpg\">\n\t\t\t\t\t\t\t\t\t<img decoding=\"async\" src=\"https:\/\/mandala.is\/wp-content\/uploads\/2022\/05\/Mandala_V4A2657-1079x720.jpg\" alt=\"\" \/>\n\t\t\t\t\t\t\t\t<\/a>\n\t\t\t\t\t\t\t<\/div>\n\t\t\t\t\t\t\t\t\t\t\t\t\t<div class=\"swiper-slide\">\n\t\t\t\t\t\t\t\t<a href=\"https:\/\/mandala.is\/wp-content\/uploads\/2022\/05\/Mandala_V4A2832.jpg\">\n\t\t\t\t\t\t\t\t\t<img decoding=\"async\" src=\"https:\/\/mandala.is\/wp-content\/uploads\/2022\/05\/Mandala_V4A2832-1079x720.jpg\" alt=\"\" \/>\n\t\t\t\t\t\t\t\t<\/a>\n\t\t\t\t\t\t\t<\/div>\n\t\t\t\t\t\t\t\t\t\t\t\t\t<div class=\"swiper-slide\">\n\t\t\t\t\t\t\t\t<a href=\"https:\/\/mandala.is\/wp-content\/uploads\/2022\/05\/Mandala_V4A2969.jpg\">\n\t\t\t\t\t\t\t\t\t<img decoding=\"async\" src=\"https:\/\/mandala.is\/wp-content\/uploads\/2022\/05\/Mandala_V4A2969-1079x720.jpg\" alt=\"\" \/>\n\t\t\t\t\t\t\t\t<\/a>\n\t\t\t\t\t\t\t<\/div>\n\t\t\t\t\t\t\t\t\t\t\t\t\t<div class=\"swiper-slide\">\n\t\t\t\t\t\t\t\t<a href=\"https:\/\/mandala.is\/wp-content\/uploads\/2022\/05\/Mandala_V4A3004.jpg\">\n\t\t\t\t\t\t\t\t\t<img decoding=\"async\" src=\"https:\/\/mandala.is\/wp-content\/uploads\/2022\/05\/Mandala_V4A3004-1079x720.jpg\" alt=\"\" \/>\n\t\t\t\t\t\t\t\t<\/a>\n\t\t\t\t\t\t\t<\/div>\n\t\t\t\t\t\t\t\t\t\t\t\t\t<div class=\"swiper-slide\">\n\t\t\t\t\t\t\t\t<a href=\"https:\/\/mandala.is\/wp-content\/uploads\/2022\/05\/Mandala_V4A3052.jpg\">\n\t\t\t\t\t\t\t\t\t<img decoding=\"async\" src=\"https:\/\/mandala.is\/wp-content\/uploads\/2022\/05\/Mandala_V4A3052-1079x720.jpg\" alt=\"\" \/>\n\t\t\t\t\t\t\t\t<\/a>\n\t\t\t\t\t\t\t<\/div>\n\t\t\t\t\t\t\t\t\t\t\t\t\t<div class=\"swiper-slide\">\n\t\t\t\t\t\t\t\t<a href=\"https:\/\/mandala.is\/wp-content\/uploads\/2022\/05\/Mandala9646.jpg\">\n\t\t\t\t\t\t\t\t\t<img decoding=\"async\" src=\"https:\/\/mandala.is\/wp-content\/uploads\/2022\/05\/Mandala9646-1079x720.jpg\" alt=\"\" \/>\n\t\t\t\t\t\t\t\t<\/a>\n\t\t\t\t\t\t\t<\/div>\n\t\t\t\t\t\t\t\t\t\t\t\t\t<div class=\"swiper-slide\">\n\t\t\t\t\t\t\t\t<a href=\"https:\/\/mandala.is\/wp-content\/uploads\/2022\/05\/Mandala9659.jpg\">\n\t\t\t\t\t\t\t\t\t<img decoding=\"async\" src=\"https:\/\/mandala.is\/wp-content\/uploads\/2022\/05\/Mandala9659-1079x720.jpg\" alt=\"\" \/>\n\t\t\t\t\t\t\t\t<\/a>\n\t\t\t\t\t\t\t<\/div>\n\t\t\t\t\t\t\t\t\t\t\t\t\t<div class=\"swiper-slide\">\n\t\t\t\t\t\t\t\t<a href=\"https:\/\/mandala.is\/wp-content\/uploads\/2022\/05\/Mandala9831.jpg\">\n\t\t\t\t\t\t\t\t\t<img decoding=\"async\" src=\"https:\/\/mandala.is\/wp-content\/uploads\/2022\/05\/Mandala9831-1079x720.jpg\" alt=\"\" \/>\n\t\t\t\t\t\t\t\t<\/a>\n\t\t\t\t\t\t\t<\/div>\n\t\t\t\t\t\t\t\t\t\t\t\t\t<div class=\"swiper-slide\">\n\t\t\t\t\t\t\t\t<a href=\"https:\/\/mandala.is\/wp-content\/uploads\/2022\/05\/Mandala10093.jpg\">\n\t\t\t\t\t\t\t\t\t<img decoding=\"async\" src=\"https:\/\/mandala.is\/wp-content\/uploads\/2022\/05\/Mandala10093-1079x720.jpg\" alt=\"\" \/>\n\t\t\t\t\t\t\t\t<\/a>\n\t\t\t\t\t\t\t<\/div>\n\t\t\t\t\t\t\t\t\t\t\t\t\t<div class=\"swiper-slide\">\n\t\t\t\t\t\t\t\t<a href=\"https:\/\/mandala.is\/wp-content\/uploads\/2022\/05\/Mandala10312.jpg\">\n\t\t\t\t\t\t\t\t\t<img decoding=\"async\" src=\"https:\/\/mandala.is\/wp-content\/uploads\/2022\/05\/Mandala10312-1079x720.jpg\" alt=\"\" \/>\n\t\t\t\t\t\t\t\t<\/a>\n\t\t\t\t\t\t\t<\/div>\n\t\t\t\t\t\t\t\t\t\t\t\t\t<div class=\"swiper-slide\">\n\t\t\t\t\t\t\t\t<a href=\"https:\/\/mandala.is\/wp-content\/uploads\/2022\/05\/DSC8962.jpg\">\n\t\t\t\t\t\t\t\t\t<img decoding=\"async\" src=\"https:\/\/mandala.is\/wp-content\/uploads\/2022\/05\/DSC8962-1079x720.jpg\" alt=\"\" \/>\n\t\t\t\t\t\t\t\t<\/a>\n\t\t\t\t\t\t\t<\/div>\n\t\t\t\t\t\t\t\t\t\t\t\t\t<div class=\"swiper-slide\">\n\t\t\t\t\t\t\t\t<a href=\"https:\/\/mandala.is\/wp-content\/uploads\/2022\/05\/DSC8973.jpg\">\n\t\t\t\t\t\t\t\t\t<img decoding=\"async\" src=\"https:\/\/mandala.is\/wp-content\/uploads\/2022\/05\/DSC8973-1079x720.jpg\" alt=\"\" \/>\n\t\t\t\t\t\t\t\t<\/a>\n\t\t\t\t\t\t\t<\/div>\n\t\t\t\t\t\t\t\t\t\t\t\t\t<div class=\"swiper-slide\">\n\t\t\t\t\t\t\t\t<a href=\"https:\/\/mandala.is\/wp-content\/uploads\/2022\/05\/DSC8988-1979x1440.jpg\">\n\t\t\t\t\t\t\t\t\t<img decoding=\"async\" src=\"https:\/\/mandala.is\/wp-content\/uploads\/2022\/05\/DSC8988-989x720.jpg\" alt=\"\" \/>\n\t\t\t\t\t\t\t\t<\/a>\n\t\t\t\t\t\t\t<\/div>\n\t\t\t\t\t\t\t\t\t\t\t\t\t<div class=\"swiper-slide\">\n\t\t\t\t\t\t\t\t<a href=\"https:\/\/mandala.is\/wp-content\/uploads\/2022\/05\/DSC9025.jpg\">\n\t\t\t\t\t\t\t\t\t<img decoding=\"async\" src=\"https:\/\/mandala.is\/wp-content\/uploads\/2022\/05\/DSC9025-1079x720.jpg\" alt=\"\" \/>\n\t\t\t\t\t\t\t\t<\/a>\n\t\t\t\t\t\t\t<\/div>\n\t\t\t\t\t\t\t\t\t\t\t<\/div>\n\t\t\t\t<\/div>\n\t\t\t\t<div class=\"swiper-button-prev\">\n\t\t\t\t\t<svg width=\"20\" height=\"38\" viewBox=\"0 0 20 38\" xmlns=\"http:\/\/www.w3.org\/2000\/svg\" class=\"fill-current\">\n<path fill-rule=\"evenodd\" clip-rule=\"evenodd\" d=\"M2.1016 18.7287L19.4569 1.05085L18.3865 0L0 18.7282L18.3863 37.4727L19.4571 36.4224L2.1016 18.7287Z\" \/>\n<\/svg>\t\t\t\t\t<!-- <span>Previous<\/span> -->\n\t\t\t\t<\/div>\n\t\t\t\t<div class=\"swiper-button-next\">\n\t\t\t\t\t<svg width=\"20\" height=\"38\" viewBox=\"0 0 20 38\" xmlns=\"http:\/\/www.w3.org\/2000\/svg\" class=\"fill-current\">\n<path fill-rule=\"evenodd\" clip-rule=\"evenodd\" d=\"M17.3825 18.7285L0.0422235 1.05038L1.11307 0L19.4832 18.728L1.1133 37.4723L0.0419922 36.4224L17.3825 18.7285Z\" \/>\n<\/svg>\n\t\t\t\t\t<!-- <span>Next<\/span> -->\n\t\t\t\t<\/div>\n\t\t\t\n\t\t<\/div>\n\t<\/div>\n<\/div>\n\n","protected":false},"excerpt":{"rendered":"","protected":false},"author":1,"featured_media":0,"parent":0,"menu_order":0,"comment_status":"closed","ping_status":"closed","template":"","meta":{"footnotes":""},"class_list":["post-668","page","type-page","status-publish","hentry"],"acf":[],"_links":{"self":[{"href":"https:\/\/mandala.is\/en\/wp-json\/wp\/v2\/pages\/668","targetHints":{"allow":["GET"]}}],"collection":[{"href":"https:\/\/mandala.is\/en\/wp-json\/wp\/v2\/pages"}],"about":[{"href":"https:\/\/mandala.is\/en\/wp-json\/wp\/v2\/types\/page"}],"author":[{"embeddable":true,"href":"https:\/\/mandala.is\/en\/wp-json\/wp\/v2\/users\/1"}],"replies":[{"embeddable":true,"href":"https:\/\/mandala.is\/en\/wp-json\/wp\/v2\/comments?post=668"}],"version-history":[{"count":28,"href":"https:\/\/mandala.is\/en\/wp-json\/wp\/v2\/pages\/668\/revisions"}],"predecessor-version":[{"id":1372,"href":"https:\/\/mandala.is\/en\/wp-json\/wp\/v2\/pages\/668\/revisions\/1372"}],"wp:attachment":[{"href":"https:\/\/mandala.is\/en\/wp-json\/wp\/v2\/media?parent=668"}],"curies":[{"name":"wp","href":"https:\/\/api.w.org\/{rel}","templated":true}]}}