{"id":788,"date":"2021-05-25T21:22:22","date_gmt":"2021-05-25T21:22:22","guid":{"rendered":"https:\/\/mandala.is\/stykkisholmur\/"},"modified":"2022-05-03T20:04:44","modified_gmt":"2022-05-03T20:04:44","slug":"stykkisholmur","status":"publish","type":"page","link":"https:\/\/mandala.is\/en\/stykkisholmur\/","title":{"rendered":"Stykkish\u00f3lmur"},"content":{"rendered":"\n<h3 class=\"pre-symbol-08 wp-block-heading\" id=\"stykkisholmur\">Stykkish\u00f3lmur<\/h3>\n\n<div class=\"wp-block-columns is-layout-flex wp-container-core-columns-is-layout-9d6595d7 wp-block-columns-is-layout-flex\">\n<div class=\"wp-block-column is-layout-flow wp-block-column-is-layout-flow\" style=\"flex-basis:100%\">\n<div class=\"wp-block-columns is-layout-flex wp-container-core-columns-is-layout-9d6595d7 wp-block-columns-is-layout-flex\">\n<div class=\"wp-block-column is-layout-flow wp-block-column-is-layout-flow\">\n<p>Mandala is located in the heart of Stykkish\u00f3lmur. The building is located in the centre of town, right by the harbour and within a short walking distance there is a great selection of restaurants, as well as varied accommodation.&#13;\n&#13;\nThe Stykkish\u00f3lmur fishing village nestles in Brei\u00f0afj\u00f6r\u00f0ur, which is known for its magnificent natural beauty and abundant wildlife. Everyone can find something to their liking, whether it is food and drink, the town\u2019s museums or simply enjoying the tranquillity of the Brei\u00f0fj\u00f6r\u00f0ur sea air. <\/p>\n<\/div>\n\n\n\n<div class=\"wp-block-column is-layout-flow wp-block-column-is-layout-flow\">\n<p>We encourage those interested to visit Stykkish\u00f3lmur\u2019s website:&#13;\n&#13;\n<em><a href=\"https:\/\/www.visitstykkisholmur.is\/en\/home\/\" target=\"_blank\" rel=\"noreferrer noopener\">Welcome to Stykkish\u00f3lmur \u2014 Visit Stykkish\u00f3lmur<\/a><\/em><\/p>\n<\/div>\n<\/div>\n<\/div>\n<\/div>\n\n<figure class=\"wp-block-image size-large\"><img loading=\"lazy\" decoding=\"async\" width=\"2160\" height=\"1440\" src=\"https:\/\/mandala.is\/wp-content\/uploads\/2022\/04\/Summi-91-1-2160x1440.jpg\" alt=\"\" class=\"wp-image-1011\" srcset=\"https:\/\/mandala.is\/wp-content\/uploads\/2022\/04\/Summi-91-1-2160x1440.jpg 2160w, https:\/\/mandala.is\/wp-content\/uploads\/2022\/04\/Summi-91-1-1080x720.jpg 1080w, https:\/\/mandala.is\/wp-content\/uploads\/2022\/04\/Summi-91-1-768x512.jpg 768w, https:\/\/mandala.is\/wp-content\/uploads\/2022\/04\/Summi-91-1-1536x1024.jpg 1536w, https:\/\/mandala.is\/wp-content\/uploads\/2022\/04\/Summi-91-1-2048x1365.jpg 2048w, https:\/\/mandala.is\/wp-content\/uploads\/2022\/04\/Summi-91-1-300x200.jpg 300w\" sizes=\"auto, (max-width: 2160px) 100vw, 2160px\" \/><\/figure>","protected":false},"excerpt":{"rendered":"<p>Stykkish\u00f3lmur Mandala is located in the heart of Stykkish\u00f3lmur. The building is located in the centre of town, right by the harbour and within a short walking distance there is a great selection of restaurants, as well as varied accommodation.&#13; &#13; The Stykkish\u00f3lmur fishing village nestles in Brei\u00f0afj\u00f6r\u00f0ur, which is known for its magnificent natural [&hellip;]<\/p>\n","protected":false},"author":1,"featured_media":645,"parent":0,"menu_order":0,"comment_status":"closed","ping_status":"closed","template":"","meta":{"footnotes":""},"class_list":["post-788","page","type-page","status-publish","has-post-thumbnail","hentry"],"acf":[],"_links":{"self":[{"href":"https:\/\/mandala.is\/en\/wp-json\/wp\/v2\/pages\/788","targetHints":{"allow":["GET"]}}],"collection":[{"href":"https:\/\/mandala.is\/en\/wp-json\/wp\/v2\/pages"}],"about":[{"href":"https:\/\/mandala.is\/en\/wp-json\/wp\/v2\/types\/page"}],"author":[{"embeddable":true,"href":"https:\/\/mandala.is\/en\/wp-json\/wp\/v2\/users\/1"}],"replies":[{"embeddable":true,"href":"https:\/\/mandala.is\/en\/wp-json\/wp\/v2\/comments?post=788"}],"version-history":[{"count":5,"href":"https:\/\/mandala.is\/en\/wp-json\/wp\/v2\/pages\/788\/revisions"}],"predecessor-version":[{"id":1285,"href":"https:\/\/mandala.is\/en\/wp-json\/wp\/v2\/pages\/788\/revisions\/1285"}],"wp:featuredmedia":[{"embeddable":true,"href":"https:\/\/mandala.is\/en\/wp-json\/wp\/v2\/media\/645"}],"wp:attachment":[{"href":"https:\/\/mandala.is\/en\/wp-json\/wp\/v2\/media?parent=788"}],"curies":[{"name":"wp","href":"https:\/\/api.w.org\/{rel}","templated":true}]}}